{"id":15971,"date":"2024-01-16T20:05:21","date_gmt":"2024-01-16T20:05:21","guid":{"rendered":"https:\/\/effettolarsen.it\/?page_id=15971"},"modified":"2024-01-24T10:28:56","modified_gmt":"2024-01-24T10:28:56","slug":"blog","status":"publish","type":"page","link":"https:\/\/effettolarsen.it\/en\/blog\/","title":{"rendered":"Blog"},"content":{"rendered":"\t\t<div data-elementor-type=\"wp-page\" data-elementor-id=\"15971\" class=\"elementor elementor-15971\" data-elementor-post-type=\"page\">\n\t\t\t\t\t\t<section class=\"elementor-section elementor-top-section elementor-element elementor-element-43d30cf elementor-section-full_width elementor-section-height-default elementor-section-height-default qodef-backgound-letter-holder-no qodef-elementor-content-no\" data-id=\"43d30cf\" data-element_type=\"section\" data-e-type=\"section\">\n\t\t\t\t\t\t<div class=\"elementor-container elementor-column-gap-default\">\n\t\t\t\t\t<div class=\"elementor-column elementor-col-50 elementor-top-column elementor-element elementor-element-cc71144\" data-id=\"cc71144\" data-element_type=\"column\" data-e-type=\"column\">\n\t\t\t<div class=\"elementor-widget-wrap elementor-element-populated\">\n\t\t\t\t\t\t<div class=\"elementor-element elementor-element-4e8d718 elementor-widget elementor-widget-laurits_core_section_title\" data-id=\"4e8d718\" data-element_type=\"widget\" data-e-type=\"widget\" data-widget_type=\"laurits_core_section_title.default\">\n\t\t\t\t<div class=\"elementor-widget-container\">\n\t\t\t\t\t<div class=\"qodef-shortcode qodef-m  qodef-section-title qodef-alignment--left  qodef-appear-animation--yes \">\n\t\t<span class=\"qodef-m-tagline\" >Blog<\/span>\n\t\t\t\t<div class=\"qodef-m-button\">\n\t\t\t<\/div>\n<\/div>\n\t\t\t\t<\/div>\n\t\t\t\t<\/div>\n\t\t\t\t<div class=\"elementor-element elementor-element-cf2d198 elementor-widget__width-initial elementor-widget elementor-widget-laurits_core_custom_font\" data-id=\"cf2d198\" data-element_type=\"widget\" data-e-type=\"widget\" data-widget_type=\"laurits_core_custom_font.default\">\n\t\t\t\t<div class=\"elementor-widget-container\">\n\t\t\t\t\t<p class=\"qodef-shortcode qodef-m  qodef-custom-font qodef-custom-font-786 qodef-layout--simple qodef-break-title qodef-appear-animation--yes\" style=\"color: #000000;text-align: left;font-family: Epilogue;font-size: 79px;line-height: 87px;font-weight: 500\" data-appearing-delay=\"240\"><span class=\"qodef-m-title-part\">We are maintainers of relationships;<\/span><br \/><span class=\"qodef-m-title-part\"> these\nare our stories.<\/span><\/p>\n\t\t\t\t<\/div>\n\t\t\t\t<\/div>\n\t\t\t\t\t<\/div>\n\t\t<\/div>\n\t\t\t\t<div class=\"elementor-column elementor-col-50 elementor-top-column elementor-element elementor-element-44cd779\" data-id=\"44cd779\" data-element_type=\"column\" data-e-type=\"column\">\n\t\t\t<div class=\"elementor-widget-wrap\">\n\t\t\t\t\t\t\t<\/div>\n\t\t<\/div>\n\t\t\t\t\t<\/div>\n\t\t<\/section>\n\t\t\t\t<section class=\"elementor-section elementor-top-section elementor-element elementor-element-3b5259d elementor-section-full_width elementor-section-height-default elementor-section-height-default qodef-backgound-letter-holder-no qodef-elementor-content-no\" data-id=\"3b5259d\" data-element_type=\"section\" data-e-type=\"section\">\n\t\t\t\t\t\t<div class=\"elementor-container elementor-column-gap-default\">\n\t\t\t\t\t<div class=\"elementor-column elementor-col-100 elementor-top-column elementor-element elementor-element-20fffca\" data-id=\"20fffca\" data-element_type=\"column\" data-e-type=\"column\">\n\t\t\t<div class=\"elementor-widget-wrap elementor-element-populated\">\n\t\t\t\t\t\t<div class=\"elementor-element elementor-element-623c992 elementor-widget elementor-widget-qi_addons_for_elementor_blog_list\" data-id=\"623c992\" data-element_type=\"widget\" data-e-type=\"widget\" data-widget_type=\"qi_addons_for_elementor_blog_list.default\">\n\t\t\t\t<div class=\"elementor-widget-container\">\n\t\t\t\t\t<div class=\"qodef-shortcode qodef-m qodef-addons-blog-list qodef-info-no-icons qodef-image--hover-zoom qodef-qi-grid qodef-layout--qi-columns qodef-col-num--4 qodef-item-layout--boxed qodef-responsive--predefined\" >\n\t<div class=\"qodef-grid-inner\">\n\t\t<p class=\"qodef-m-posts-not-found qodef-grid-item\">No posts were found for provided query parameters.<\/p>\n\t<\/div>\n\t<\/div>\n\t\t\t\t<\/div>\n\t\t\t\t<\/div>\n\t\t\t\t\t<\/div>\n\t\t<\/div>\n\t\t\t\t\t<\/div>\n\t\t<\/section>\n\t\t\t\t<section class=\"elementor-section elementor-top-section elementor-element elementor-element-6beb128 elementor-section-full_width elementor-section-height-default elementor-section-height-default qodef-backgound-letter-holder-no qodef-elementor-content-no\" data-id=\"6beb128\" data-element_type=\"section\" data-e-type=\"section\">\n\t\t\t\t\t\t<div class=\"elementor-container elementor-column-gap-default\">\n\t\t\t\t\t<div class=\"elementor-column elementor-col-50 elementor-top-column elementor-element elementor-element-771fc0d5\" data-id=\"771fc0d5\" data-element_type=\"column\" data-e-type=\"column\">\n\t\t\t<div class=\"elementor-widget-wrap elementor-element-populated\">\n\t\t\t\t\t\t<div class=\"elementor-element elementor-element-b568260 elementor-widget__width-auto elementor-widget elementor-widget-text-editor\" data-id=\"b568260\" data-element_type=\"widget\" data-e-type=\"widget\" data-widget_type=\"text-editor.default\">\n\t\t\t\t<div class=\"elementor-widget-container\">\n\t\t\t\t\t\t\t\t\t<h5>Are you working on a project? <a class=\"qodef-underline\" href=\"https:\/\/effettolarsen.it\/contact-us\/\">Tell us about it<\/a><\/h5>\t\t\t\t\t\t\t\t<\/div>\n\t\t\t\t<\/div>\n\t\t\t\t\t<\/div>\n\t\t<\/div>\n\t\t\t\t<div class=\"elementor-column elementor-col-50 elementor-top-column elementor-element elementor-element-30995c06\" data-id=\"30995c06\" data-element_type=\"column\" data-e-type=\"column\">\n\t\t\t<div class=\"elementor-widget-wrap elementor-element-populated\">\n\t\t\t\t\t\t<div class=\"elementor-element elementor-element-6f926118 elementor-widget__width-auto elementor-widget elementor-widget-text-editor\" data-id=\"6f926118\" data-element_type=\"widget\" data-e-type=\"widget\" data-widget_type=\"text-editor.default\">\n\t\t\t\t<div class=\"elementor-widget-container\">\n\t\t\t\t\t\t\t\t\t<h5>Discover our <a class=\"qodef-underline\" href=\"https:\/\/effettolarsen.it\/our-team\/\">team<\/a><\/h5>\t\t\t\t\t\t\t\t<\/div>\n\t\t\t\t<\/div>\n\t\t\t\t\t<\/div>\n\t\t<\/div>\n\t\t\t\t\t<\/div>\n\t\t<\/section>\n\t\t\t\t<\/div>\n\t\t","protected":false},"excerpt":{"rendered":"<p>Blog We are maintainers of relationships; these are our stories. L&#8217;Arte di Trasformare i Limiti in Connessioni: Effetto Larsen al TEDx \u201cImmaginate di non esserci pi\u00f9\u201d \u00e8 l\u2019invito di After\/Dopo, il nostro progetto sulla contemplazione della mortalit\u00e0: lo abbiamo raccontato al TEDx Lake Como. READ Cosa ha scoperto il pi\u00f9 lungo studio sulla felicit\u00e0 umana [&hellip;]<\/p>\n","protected":false},"author":1,"featured_media":15231,"parent":0,"menu_order":0,"comment_status":"closed","ping_status":"closed","template":"page-full-width.php","meta":{"_acf_changed":false,"footnotes":""},"class_list":["post-15971","page","type-page","status-publish","has-post-thumbnail","hentry"],"acf":[],"_links":{"self":[{"href":"https:\/\/effettolarsen.it\/en\/wp-json\/wp\/v2\/pages\/15971","targetHints":{"allow":["GET"]}}],"collection":[{"href":"https:\/\/effettolarsen.it\/en\/wp-json\/wp\/v2\/pages"}],"about":[{"href":"https:\/\/effettolarsen.it\/en\/wp-json\/wp\/v2\/types\/page"}],"author":[{"embeddable":true,"href":"https:\/\/effettolarsen.it\/en\/wp-json\/wp\/v2\/users\/1"}],"replies":[{"embeddable":true,"href":"https:\/\/effettolarsen.it\/en\/wp-json\/wp\/v2\/comments?post=15971"}],"version-history":[{"count":14,"href":"https:\/\/effettolarsen.it\/en\/wp-json\/wp\/v2\/pages\/15971\/revisions"}],"predecessor-version":[{"id":16223,"href":"https:\/\/effettolarsen.it\/en\/wp-json\/wp\/v2\/pages\/15971\/revisions\/16223"}],"wp:featuredmedia":[{"embeddable":true,"href":"https:\/\/effettolarsen.it\/en\/wp-json\/wp\/v2\/media\/15231"}],"wp:attachment":[{"href":"https:\/\/effettolarsen.it\/en\/wp-json\/wp\/v2\/media?parent=15971"}],"curies":[{"name":"wp","href":"https:\/\/api.w.org\/{rel}","templated":true}]}}